{"id":51,"date":"2025-05-30T17:56:55","date_gmt":"2025-05-30T17:56:55","guid":{"rendered":"https:\/\/feedback.pin.ro\/?page_id=51"},"modified":"2025-11-19T13:12:27","modified_gmt":"2025-11-19T13:12:27","slug":"homepage-general","status":"publish","type":"page","link":"https:\/\/feedback.pin.ro\/","title":{"rendered":"HOMEPAGE GENERAL"},"content":{"rendered":"\t\t<div data-elementor-type=\"wp-page\" data-elementor-id=\"51\" class=\"elementor elementor-51\">\n\t\t\t\t<div class=\"elementor-element elementor-element-14f0737 e-flex e-con-boxed e-con e-parent\" data-id=\"14f0737\" data-element_type=\"container\">\n\t\t\t\t\t<div class=\"e-con-inner\">\n\t\t\t\t<div class=\"elementor-element elementor-element-4d69b89 elementor-widget elementor-widget-image\" data-id=\"4d69b89\" data-element_type=\"widget\" data-widget_type=\"image.default\">\n\t\t\t\t<div class=\"elementor-widget-container\">\n\t\t\t\t\t\t\t\t\t\t\t\t\t\t\t<img fetchpriority=\"high\" decoding=\"async\" width=\"1208\" height=\"500\" src=\"https:\/\/feedback.pin.ro\/wp-content\/uploads\/2025\/05\/pin.ro-30ani-orafol-logo-landscape.png\" class=\"attachment-full size-full wp-image-24\" alt=\"\" srcset=\"https:\/\/feedback.pin.ro\/wp-content\/uploads\/2025\/05\/pin.ro-30ani-orafol-logo-landscape.png 1208w, https:\/\/feedback.pin.ro\/wp-content\/uploads\/2025\/05\/pin.ro-30ani-orafol-logo-landscape-300x124.png 300w, https:\/\/feedback.pin.ro\/wp-content\/uploads\/2025\/05\/pin.ro-30ani-orafol-logo-landscape-1024x424.png 1024w, https:\/\/feedback.pin.ro\/wp-content\/uploads\/2025\/05\/pin.ro-30ani-orafol-logo-landscape-768x318.png 768w\" sizes=\"(max-width: 1208px) 100vw, 1208px\" \/>\t\t\t\t\t\t\t\t\t\t\t\t\t\t\t<\/div>\n\t\t\t\t<\/div>\n\t\t\t\t\t<\/div>\n\t\t\t\t<\/div>\n\t\t<div class=\"elementor-element elementor-element-c5f00ee e-flex e-con-boxed e-con e-parent\" data-id=\"c5f00ee\" data-element_type=\"container\">\n\t\t\t\t\t<div class=\"e-con-inner\">\n\t\t\t\t<div class=\"elementor-element elementor-element-8bf3922 elementor-widget elementor-widget-heading\" data-id=\"8bf3922\" data-element_type=\"widget\" data-widget_type=\"heading.default\">\n\t\t\t\t<div class=\"elementor-widget-container\">\n\t\t\t\t\t<h2 class=\"elementor-heading-title elementor-size-default\">Chestionar de Feedback<\/h2>\t\t\t\t<\/div>\n\t\t\t\t<\/div>\n\t\t\t\t<div class=\"elementor-element elementor-element-b0da7fd elementor-widget elementor-widget-heading\" data-id=\"b0da7fd\" data-element_type=\"widget\" data-widget_type=\"heading.default\">\n\t\t\t\t<div class=\"elementor-widget-container\">\n\t\t\t\t\t<h2 class=\"elementor-heading-title elementor-size-default\">Training HP 19.11.2025<\/h2>\t\t\t\t<\/div>\n\t\t\t\t<\/div>\n\t\t\t\t<div class=\"elementor-element elementor-element-662f472 elementor-widget elementor-widget-text-editor\" data-id=\"662f472\" data-element_type=\"widget\" data-widget_type=\"text-editor.default\">\n\t\t\t\t<div class=\"elementor-widget-container\">\n\t\t\t\t\t\t\t\t\t<p>V\u0103 rug\u0103m s\u0103 ne acorda\u021bi 2 minute (chiar at\u00e2t dureaz\u0103) pentru a r\u0103spunde \u00eentreb\u0103rilor.<br \/>Feedback-ul ne ajut\u0103 s\u0103 \u00eembun\u0103t\u0103\u021bim experien\u021bele viitoare.<\/p>\t\t\t\t\t\t\t\t<\/div>\n\t\t\t\t<\/div>\n\t\t\t\t<div class=\"elementor-element elementor-element-503c882 elementor-widget elementor-widget-wpforms\" data-id=\"503c882\" data-element_type=\"widget\" data-widget_type=\"wpforms.default\">\n\t\t\t\t<div class=\"elementor-widget-container\">\n\t\t\t\t\t<style id=\"wpforms-css-vars-elementor-widget-503c882\">\n\t\t\t\t.elementor-widget-wpforms.elementor-element-503c882 {\n\t\t\t\t--wpforms-field-size-input-height: 43px;\n--wpforms-field-size-input-spacing: 15px;\n--wpforms-field-size-font-size: 16px;\n--wpforms-field-size-line-height: 19px;\n--wpforms-field-size-padding-h: 14px;\n--wpforms-field-size-checkbox-size: 16px;\n--wpforms-field-size-sublabel-spacing: 5px;\n--wpforms-field-size-icon-size: 1;\n--wpforms-label-size-font-size: 16px;\n--wpforms-label-size-line-height: 19px;\n--wpforms-label-size-sublabel-font-size: 14px;\n--wpforms-label-size-sublabel-line-height: 17px;\n--wpforms-button-size-font-size: 17px;\n--wpforms-button-size-height: 41px;\n--wpforms-button-size-padding-h: 15px;\n--wpforms-button-size-margin-top: 10px;\n\n\t\t\t}\n\t\t\t<\/style><div class=\"wpforms-container wpforms-container-full wpforms-render-modern\" id=\"wpforms-139\"><form id=\"wpforms-form-139\" class=\"wpforms-validate wpforms-form wpforms-ajax-form\" data-formid=\"139\" method=\"post\" enctype=\"multipart\/form-data\" action=\"\/index.php?rest_route=%2Fwp%2Fv2%2Fpages%2F51\" data-token=\"27fb4cdc85849c259a5ffcdd5f933df5\" data-token-time=\"1779021922\"><noscript class=\"wpforms-error-noscript\">Please enable JavaScript in your browser to complete this form.<\/noscript><div class=\"wpforms-hidden\" id=\"wpforms-error-noscript\">Please enable JavaScript in your browser to complete this form.<\/div><div class=\"wpforms-field-container\"><div id=\"wpforms-139-field_14-container\" class=\"wpforms-field wpforms-field-content\" data-field-id=\"14\"><div id=\"wpforms-139-field_14\" class=\"wpforms-field-medium wpforms-field-row\" aria-errormessage=\"wpforms-139-field_14-error\"><p><strong>Feedback Training HP<\/strong><\/p>\n<div class=\"wpforms-field-content-display-frontend-clear\"><\/div><\/div><\/div><div id=\"wpforms-139-field_1-container\" class=\"wpforms-field wpforms-field-radio\" data-field-id=\"1\"><fieldset><legend class=\"wpforms-field-label\">1. C\u00e2t de valoroas a fost training-ul HP pentru tine? <span class=\"wpforms-required-label\" aria-hidden=\"true\">*<\/span><\/legend><ul id=\"wpforms-139-field_1\" class=\"wpforms-field-required\"><li class=\"choice-1 depth-1\"><input type=\"radio\" id=\"wpforms-139-field_1_1\" name=\"wpforms[fields][1]\" value=\"Extrem de valoros\" aria-errormessage=\"wpforms-139-field_1_1-error\" required ><label class=\"wpforms-field-label-inline\" for=\"wpforms-139-field_1_1\">Extrem de valoros<\/label><\/li><li class=\"choice-2 depth-1\"><input type=\"radio\" id=\"wpforms-139-field_1_2\" name=\"wpforms[fields][1]\" value=\"Foarte valoros\" aria-errormessage=\"wpforms-139-field_1_2-error\" required ><label class=\"wpforms-field-label-inline\" for=\"wpforms-139-field_1_2\">Foarte valoros<\/label><\/li><li class=\"choice-3 depth-1\"><input type=\"radio\" id=\"wpforms-139-field_1_3\" name=\"wpforms[fields][1]\" value=\"Destul de valoros\" aria-errormessage=\"wpforms-139-field_1_3-error\" required ><label class=\"wpforms-field-label-inline\" for=\"wpforms-139-field_1_3\">Destul de valoros<\/label><\/li><li class=\"choice-4 depth-1\"><input type=\"radio\" id=\"wpforms-139-field_1_4\" name=\"wpforms[fields][1]\" value=\"Nu a fost valoros\" aria-errormessage=\"wpforms-139-field_1_4-error\" required ><label class=\"wpforms-field-label-inline\" for=\"wpforms-139-field_1_4\">Nu a fost valoros<\/label><\/li><\/ul><\/fieldset><\/div><div id=\"wpforms-139-field_27-container\" class=\"wpforms-field wpforms-field-checkbox\" data-field-id=\"27\"><fieldset><legend class=\"wpforms-field-label\">2. Ce aspect al evenimentului a fost cel mai valoros pentru tine? <span class=\"wpforms-required-label\" aria-hidden=\"true\">*<\/span><\/legend><ul id=\"wpforms-139-field_27\" class=\"wpforms-field-required\"><li class=\"choice-1 depth-1\"><input type=\"checkbox\" id=\"wpforms-139-field_27_1\" name=\"wpforms[fields][27][]\" value=\"Mentenan\u021ba echipamentelor\" aria-errormessage=\"wpforms-139-field_27_1-error\" required ><label class=\"wpforms-field-label-inline\" for=\"wpforms-139-field_27_1\">Mentenan\u021ba echipamentelor<\/label><\/li><li class=\"choice-2 depth-1\"><input type=\"checkbox\" id=\"wpforms-139-field_27_2\" name=\"wpforms[fields][27][]\" value=\"Color management\" aria-errormessage=\"wpforms-139-field_27_2-error\" required ><label class=\"wpforms-field-label-inline\" for=\"wpforms-139-field_27_2\">Color management<\/label><\/li><li class=\"choice-3 depth-1\"><input type=\"checkbox\" id=\"wpforms-139-field_27_3\" name=\"wpforms[fields][27][]\" value=\"Prezentarea genera\u021biei 4\" aria-errormessage=\"wpforms-139-field_27_3-error\" required ><label class=\"wpforms-field-label-inline\" for=\"wpforms-139-field_27_3\">Prezentarea genera\u021biei 4<\/label><\/li><li class=\"choice-4 depth-1\"><input type=\"checkbox\" id=\"wpforms-139-field_27_4\" name=\"wpforms[fields][27][]\" value=\"Networking\" aria-errormessage=\"wpforms-139-field_27_4-error\" required ><label class=\"wpforms-field-label-inline\" for=\"wpforms-139-field_27_4\">Networking<\/label><\/li><\/ul><\/fieldset><\/div><div id=\"wpforms-139-field_3-container\" class=\"wpforms-field wpforms-field-radio\" data-field-id=\"3\"><fieldset><legend class=\"wpforms-field-label\">3. Evalua\u021bi expertiza \u0219i prezentarea vorbitorilor <span class=\"wpforms-required-label\" aria-hidden=\"true\">*<\/span><\/legend><ul id=\"wpforms-139-field_3\" class=\"wpforms-field-required\"><li class=\"choice-1 depth-1\"><input type=\"radio\" id=\"wpforms-139-field_3_1\" name=\"wpforms[fields][3]\" value=\"Excelent\" aria-errormessage=\"wpforms-139-field_3_1-error\" required ><label class=\"wpforms-field-label-inline\" for=\"wpforms-139-field_3_1\">Excelent<\/label><\/li><li class=\"choice-3 depth-1\"><input type=\"radio\" id=\"wpforms-139-field_3_3\" name=\"wpforms[fields][3]\" value=\"Bun\" aria-errormessage=\"wpforms-139-field_3_3-error\" required ><label class=\"wpforms-field-label-inline\" for=\"wpforms-139-field_3_3\">Bun<\/label><\/li><li class=\"choice-4 depth-1\"><input type=\"radio\" id=\"wpforms-139-field_3_4\" name=\"wpforms[fields][3]\" value=\"Mediu\" aria-errormessage=\"wpforms-139-field_3_4-error\" required ><label class=\"wpforms-field-label-inline\" for=\"wpforms-139-field_3_4\">Mediu<\/label><\/li><li class=\"choice-5 depth-1\"><input type=\"radio\" id=\"wpforms-139-field_3_5\" name=\"wpforms[fields][3]\" value=\"Slab\" aria-errormessage=\"wpforms-139-field_3_5-error\" required ><label class=\"wpforms-field-label-inline\" for=\"wpforms-139-field_3_5\">Slab<\/label><\/li><\/ul><\/fieldset><\/div><div id=\"wpforms-139-field_22-container\" class=\"wpforms-field wpforms-field-content\" data-field-id=\"22\"><div id=\"wpforms-139-field_22\" class=\"wpforms-field-medium wpforms-field-row\" aria-errormessage=\"wpforms-139-field_22-error\"><p><strong>Experien\u021ba Eveniment<\/strong><\/p>\n<div class=\"wpforms-field-content-display-frontend-clear\"><\/div><\/div><\/div><div id=\"wpforms-139-field_7-container\" class=\"wpforms-field wpforms-field-radio\" data-field-id=\"7\"><fieldset><legend class=\"wpforms-field-label\">4. Organizarea general\u0103 a evenimentului: <span class=\"wpforms-required-label\" aria-hidden=\"true\">*<\/span><\/legend><ul id=\"wpforms-139-field_7\" class=\"wpforms-field-required\"><li class=\"choice-1 depth-1\"><input type=\"radio\" id=\"wpforms-139-field_7_1\" name=\"wpforms[fields][7]\" value=\"Excelent\u0103\" aria-errormessage=\"wpforms-139-field_7_1-error\" required ><label class=\"wpforms-field-label-inline\" for=\"wpforms-139-field_7_1\">Excelent\u0103<\/label><\/li><li class=\"choice-2 depth-1\"><input type=\"radio\" id=\"wpforms-139-field_7_2\" name=\"wpforms[fields][7]\" value=\"Bun\u0103\" aria-errormessage=\"wpforms-139-field_7_2-error\" required ><label class=\"wpforms-field-label-inline\" for=\"wpforms-139-field_7_2\">Bun\u0103<\/label><\/li><li class=\"choice-3 depth-1\"><input type=\"radio\" id=\"wpforms-139-field_7_3\" name=\"wpforms[fields][7]\" value=\"Medie\" aria-errormessage=\"wpforms-139-field_7_3-error\" required ><label class=\"wpforms-field-label-inline\" for=\"wpforms-139-field_7_3\">Medie<\/label><\/li><li class=\"choice-4 depth-1\"><input type=\"radio\" id=\"wpforms-139-field_7_4\" name=\"wpforms[fields][7]\" value=\"Necesit\u0103 \u00eembun\u0103t\u0103\u021biri\" aria-errormessage=\"wpforms-139-field_7_4-error\" required ><label class=\"wpforms-field-label-inline\" for=\"wpforms-139-field_7_4\">Necesit\u0103 \u00eembun\u0103t\u0103\u021biri<\/label><\/li><\/ul><\/fieldset><\/div><div id=\"wpforms-139-field_24-container\" class=\"wpforms-field wpforms-field-radio\" data-field-id=\"24\"><fieldset><legend class=\"wpforms-field-label\">5. Acest training v-a \u00eendeplinit a\u0219tept\u0103rile?  <span class=\"wpforms-required-label\" aria-hidden=\"true\">*<\/span><\/legend><ul id=\"wpforms-139-field_24\" class=\"wpforms-field-required\"><li class=\"choice-1 depth-1\"><input type=\"radio\" id=\"wpforms-139-field_24_1\" name=\"wpforms[fields][24]\" value=\"A dep\u0103\u0219it a\u0219tept\u0103rile\" aria-errormessage=\"wpforms-139-field_24_1-error\" required ><label class=\"wpforms-field-label-inline\" for=\"wpforms-139-field_24_1\">A dep\u0103\u0219it a\u0219tept\u0103rile<\/label><\/li><li class=\"choice-2 depth-1\"><input type=\"radio\" id=\"wpforms-139-field_24_2\" name=\"wpforms[fields][24]\" value=\"A \u00eendeplinit a\u0219tept\u0103rile\" aria-errormessage=\"wpforms-139-field_24_2-error\" required ><label class=\"wpforms-field-label-inline\" for=\"wpforms-139-field_24_2\">A \u00eendeplinit a\u0219tept\u0103rile<\/label><\/li><li class=\"choice-3 depth-1\"><input type=\"radio\" id=\"wpforms-139-field_24_3\" name=\"wpforms[fields][24]\" value=\"Par\u021bial \u00eendeplinite\" aria-errormessage=\"wpforms-139-field_24_3-error\" required ><label class=\"wpforms-field-label-inline\" for=\"wpforms-139-field_24_3\">Par\u021bial \u00eendeplinite<\/label><\/li><li class=\"choice-4 depth-1\"><input type=\"radio\" id=\"wpforms-139-field_24_4\" name=\"wpforms[fields][24]\" value=\"Nu a \u00eendeplinit a\u0219tept\u0103rile\" aria-errormessage=\"wpforms-139-field_24_4-error\" required ><label class=\"wpforms-field-label-inline\" for=\"wpforms-139-field_24_4\">Nu a \u00eendeplinit a\u0219tept\u0103rile<\/label><\/li><\/ul><\/fieldset><\/div><div id=\"wpforms-139-field_25-container\" class=\"wpforms-field wpforms-field-radio\" data-field-id=\"25\"><fieldset><legend class=\"wpforms-field-label\">6. Durata \u0219i ritmul evenimentului:  <span class=\"wpforms-required-label\" aria-hidden=\"true\">*<\/span><\/legend><ul id=\"wpforms-139-field_25\" class=\"wpforms-field-required\"><li class=\"choice-1 depth-1\"><input type=\"radio\" id=\"wpforms-139-field_25_1\" name=\"wpforms[fields][25]\" value=\"Perfect\" aria-errormessage=\"wpforms-139-field_25_1-error\" required ><label class=\"wpforms-field-label-inline\" for=\"wpforms-139-field_25_1\">Perfect<\/label><\/li><li class=\"choice-2 depth-1\"><input type=\"radio\" id=\"wpforms-139-field_25_2\" name=\"wpforms[fields][25]\" value=\"Prea lung\" aria-errormessage=\"wpforms-139-field_25_2-error\" required ><label class=\"wpforms-field-label-inline\" for=\"wpforms-139-field_25_2\">Prea lung<\/label><\/li><li class=\"choice-3 depth-1\"><input type=\"radio\" id=\"wpforms-139-field_25_3\" name=\"wpforms[fields][25]\" value=\"Prea scurt\" aria-errormessage=\"wpforms-139-field_25_3-error\" required ><label class=\"wpforms-field-label-inline\" for=\"wpforms-139-field_25_3\">Prea scurt<\/label><\/li><li class=\"choice-4 depth-1\"><input type=\"radio\" id=\"wpforms-139-field_25_4\" name=\"wpforms[fields][25]\" value=\"Gr\u0103bit\" aria-errormessage=\"wpforms-139-field_25_4-error\" required ><label class=\"wpforms-field-label-inline\" for=\"wpforms-139-field_25_4\">Gr\u0103bit<\/label><\/li><li class=\"choice-6 depth-1\"><input type=\"radio\" id=\"wpforms-139-field_25_6\" name=\"wpforms[fields][25]\" value=\"Prea lent\" aria-errormessage=\"wpforms-139-field_25_6-error\" required ><label class=\"wpforms-field-label-inline\" for=\"wpforms-139-field_25_6\">Prea lent<\/label><\/li><\/ul><\/fieldset><\/div><div id=\"wpforms-139-field_19-container\" class=\"wpforms-field wpforms-field-checkbox wpforms-conditional-trigger\" data-field-id=\"19\"><fieldset><legend class=\"wpforms-field-label\">8. Ce subiecte a\u021bi dori s\u0103 abord\u0103m \u00een evenimentele viitoare? <span class=\"wpforms-required-label\" aria-hidden=\"true\">*<\/span><\/legend><ul id=\"wpforms-139-field_19\" class=\"wpforms-field-required\"><li class=\"choice-1 depth-1\"><input type=\"checkbox\" id=\"wpforms-139-field_19_1\" name=\"wpforms[fields][19][]\" value=\"Inova\u021bii \u00een printarea digital\u0103\" aria-errormessage=\"wpforms-139-field_19_1-error\" required ><label class=\"wpforms-field-label-inline\" for=\"wpforms-139-field_19_1\">Inova\u021bii \u00een printarea digital\u0103<\/label><\/li><li class=\"choice-2 depth-1\"><input type=\"checkbox\" id=\"wpforms-139-field_19_2\" name=\"wpforms[fields][19][]\" value=\"Training special RIP\" aria-errormessage=\"wpforms-139-field_19_2-error\" required ><label class=\"wpforms-field-label-inline\" for=\"wpforms-139-field_19_2\">Training special RIP<\/label><\/li><li class=\"choice-3 depth-1\"><input type=\"checkbox\" id=\"wpforms-139-field_19_3\" name=\"wpforms[fields][19][]\" value=\"Color management\" aria-errormessage=\"wpforms-139-field_19_3-error\" required ><label class=\"wpforms-field-label-inline\" for=\"wpforms-139-field_19_3\">Color management<\/label><\/li><li class=\"choice-10 depth-1\"><input type=\"checkbox\" id=\"wpforms-139-field_19_10\" name=\"wpforms[fields][19][]\" value=\"Training Print OS\" aria-errormessage=\"wpforms-139-field_19_10-error\" required ><label class=\"wpforms-field-label-inline\" for=\"wpforms-139-field_19_10\">Training Print OS<\/label><\/li><li class=\"choice-9 depth-1\"><input type=\"checkbox\" id=\"wpforms-139-field_19_9\" name=\"wpforms[fields][19][]\" value=\"Aplica\u021bii \u0219i solu\u021bii creative \u00een produc\u021bia publicitar\u0103\" aria-errormessage=\"wpforms-139-field_19_9-error\" required ><label class=\"wpforms-field-label-inline\" for=\"wpforms-139-field_19_9\">Aplica\u021bii \u0219i solu\u021bii creative \u00een produc\u021bia publicitar\u0103<\/label><\/li><li class=\"choice-11 depth-1\"><input type=\"checkbox\" id=\"wpforms-139-field_19_11\" name=\"wpforms[fields][19][]\" value=\"Altceva\" aria-errormessage=\"wpforms-139-field_19_11-error\" required ><label class=\"wpforms-field-label-inline\" for=\"wpforms-139-field_19_11\">Altceva<\/label><\/li><\/ul><\/fieldset><\/div><div id=\"wpforms-139-field_10-container\" class=\"wpforms-field wpforms-field-text wpforms-conditional-field wpforms-conditional-show\" data-field-id=\"10\" style=\"display:none;\"><label class=\"wpforms-field-label wpforms-label-hide\" for=\"wpforms-139-field_10\" aria-hidden=\"false\">Altceva<\/label><input type=\"text\" id=\"wpforms-139-field_10\" class=\"wpforms-field-medium\" name=\"wpforms[fields][10]\" aria-errormessage=\"wpforms-139-field_10-error\" ><\/div><div id=\"wpforms-139-field_20-container\" class=\"wpforms-field wpforms-field-content\" data-field-id=\"20\"><div id=\"wpforms-139-field_20\" class=\"wpforms-field-medium wpforms-field-row\" aria-errormessage=\"wpforms-139-field_20-error\"><p><strong>Feedback Rapid<\/strong><\/p>\n<div class=\"wpforms-field-content-display-frontend-clear\"><\/div><\/div><\/div><div id=\"wpforms-139-field_12-container\" class=\"wpforms-field wpforms-field-text\" data-field-id=\"12\"><label class=\"wpforms-field-label\" for=\"wpforms-139-field_12\">Cel mai valoros lucru \u00eenv\u0103\u021bat: <\/label><input type=\"text\" id=\"wpforms-139-field_12\" class=\"wpforms-field-medium\" name=\"wpforms[fields][12]\" aria-errormessage=\"wpforms-139-field_12-error\" ><\/div><div id=\"wpforms-139-field_21-container\" class=\"wpforms-field wpforms-field-text\" data-field-id=\"21\"><label class=\"wpforms-field-label\" for=\"wpforms-139-field_21\">O sugestie de \u00eembun\u0103t\u0103\u021bire: <\/label><input type=\"text\" id=\"wpforms-139-field_21\" class=\"wpforms-field-medium\" name=\"wpforms[fields][21]\" aria-errormessage=\"wpforms-139-field_21-error\" ><\/div><\/div><!-- .wpforms-field-container --><div class=\"wpforms-submit-container\" ><input type=\"hidden\" name=\"wpforms[id]\" value=\"139\"><input type=\"hidden\" name=\"page_title\" value=\"\"><input type=\"hidden\" name=\"page_url\" value=\"https:\/\/feedback.pin.ro\/index.php?rest_route=\/wp\/v2\/pages\/51\"><input type=\"hidden\" name=\"url_referer\" value=\"\"><button type=\"submit\" name=\"wpforms[submit]\" id=\"wpforms-submit-139\" class=\"wpforms-submit\" data-alt-text=\"Se trimite...\" data-submit-text=\"Trimit feedback\" aria-live=\"assertive\" value=\"wpforms-submit\">Trimit feedback<\/button><img decoding=\"async\" src=\"https:\/\/feedback.pin.ro\/wp-content\/plugins\/wpforms\/assets\/images\/submit-spin.svg\" class=\"wpforms-submit-spinner\" style=\"display: none;\" width=\"26\" height=\"26\" alt=\"Loading\"><\/div><\/form><\/div>  <!-- .wpforms-container -->\t\t\t\t<\/div>\n\t\t\t\t<\/div>\n\t\t\t\t\t<\/div>\n\t\t\t\t<\/div>\n\t\t<div class=\"elementor-element elementor-element-6dff579 e-flex e-con-boxed e-con e-parent\" data-id=\"6dff579\" data-element_type=\"container\">\n\t\t\t\t\t<div class=\"e-con-inner\">\n\t\t\t\t<div class=\"elementor-element elementor-element-784f3c4 elementor-widget elementor-widget-text-editor\" data-id=\"784f3c4\" data-element_type=\"widget\" data-widget_type=\"text-editor.default\">\n\t\t\t\t<div class=\"elementor-widget-container\">\n\t\t\t\t\t\t\t\t\t<h6>\u00a9 Copyright 2025 PIN.RO<br \/>Toate drepturile rezervate.<\/h6>\t\t\t\t\t\t\t\t<\/div>\n\t\t\t\t<\/div>\n\t\t\t\t\t<\/div>\n\t\t\t\t<\/div>\n\t\t\t\t<\/div>\n\t\t","protected":false},"excerpt":{"rendered":"<p>Chestionar de Feedback Training HP 19.11.2025 V\u0103 rug\u0103m s\u0103 ne acorda\u021bi 2 minute (chiar at\u00e2t dureaz\u0103) pentru a r\u0103spunde \u00eentreb\u0103rilor.Feedback-ul ne ajut\u0103 s\u0103 \u00eembun\u0103t\u0103\u021bim experien\u021bele viitoare. Please enable JavaScript in your browser to complete this form.Please enable JavaScript in your browser to complete this form. Feedback Open House HP 1. C\u00e2t de valoroas\u0103 a fost [&hellip;]<\/p>\n","protected":false},"author":1,"featured_media":0,"parent":0,"menu_order":0,"comment_status":"closed","ping_status":"closed","template":"elementor_canvas","meta":{"footnotes":""},"class_list":["post-51","page","type-page","status-publish","hentry"],"_links":{"self":[{"href":"https:\/\/feedback.pin.ro\/index.php?rest_route=\/wp\/v2\/pages\/51","targetHints":{"allow":["GET"]}}],"collection":[{"href":"https:\/\/feedback.pin.ro\/index.php?rest_route=\/wp\/v2\/pages"}],"about":[{"href":"https:\/\/feedback.pin.ro\/index.php?rest_route=\/wp\/v2\/types\/page"}],"author":[{"embeddable":true,"href":"https:\/\/feedback.pin.ro\/index.php?rest_route=\/wp\/v2\/users\/1"}],"replies":[{"embeddable":true,"href":"https:\/\/feedback.pin.ro\/index.php?rest_route=%2Fwp%2Fv2%2Fcomments&post=51"}],"version-history":[{"count":37,"href":"https:\/\/feedback.pin.ro\/index.php?rest_route=\/wp\/v2\/pages\/51\/revisions"}],"predecessor-version":[{"id":144,"href":"https:\/\/feedback.pin.ro\/index.php?rest_route=\/wp\/v2\/pages\/51\/revisions\/144"}],"wp:attachment":[{"href":"https:\/\/feedback.pin.ro\/index.php?rest_route=%2Fwp%2Fv2%2Fmedia&parent=51"}],"curies":[{"name":"wp","href":"https:\/\/api.w.org\/{rel}","templated":true}]}}